{"id":2103,"date":"2021-11-07T11:51:02","date_gmt":"2021-11-07T11:51:02","guid":{"rendered":"https:\/\/dynamic-evolution.pt\/index.php\/about-3\/"},"modified":"2022-12-10T11:08:36","modified_gmt":"2022-12-10T11:08:36","slug":"quem-somos","status":"publish","type":"page","link":"https:\/\/dynamic-evolution.pt\/index.php\/quem-somos\/","title":{"rendered":"QUEM SOMOS"},"content":{"rendered":"<p><div class=\"fusion-fullwidth fullwidth-box fusion-builder-row-1 fusion-flex-container fusion-parallax-none nonhundred-percent-fullwidth non-hundred-percent-height-scrolling\" style=\"background-color: #eeeeee;background-image: url(&quot;https:\/\/dynamic-evolution.pt\/wp-content\/uploads\/2018\/02\/bg2.jpg&quot;);background-position: center center;background-repeat: no-repeat;border-width: 0px 0px 0px 0px;border-color:#e2e2e2;border-style:solid;-webkit-background-size:cover;-moz-background-size:cover;-o-background-size:cover;background-size:cover;\" ><div class=\"fusion-builder-row fusion-row fusion-flex-align-items-flex-start fusion-flex-justify-content-center\" style=\"max-width:calc( 1200px + 0px );margin-left: calc(-0px \/ 2 );margin-right: calc(-0px \/ 2 );\"><div class=\"fusion-layout-column fusion_builder_column fusion-builder-column-0 fusion_builder_column_2_3 2_3 fusion-flex-column fusion-animated\" data-animationType=\"zoomIn\" data-animationDuration=\"0.9\" data-animationOffset=\"top-into-view\"><div class=\"fusion-column-wrapper fusion-flex-justify-content-flex-start fusion-content-layout-column\" style=\"background-position:left top;background-blend-mode: overlay;background-repeat:no-repeat;-webkit-background-size:cover;-moz-background-size:cover;-o-background-size:cover;background-size:cover;padding: 0px 0px 0px 0px;\"><style type=\"text\/css\">@media only screen and (max-width:1024px) {.fusion-title.fusion-title-1{margin-top:10px!important; margin-right:0px!important;margin-bottom:15px!important;margin-left:0px!important;}}@media only screen and (max-width:640px) {.fusion-title.fusion-title-1{margin-top:10px!important; margin-right:0px!important;margin-bottom:10px!important; margin-left:0px!important;}}<\/style><div class=\"fusion-title title fusion-title-1 fusion-sep-none fusion-title-center fusion-title-text fusion-title-size-one\" style=\"margin-top:10px;margin-right:0px;margin-bottom:15px;margin-left:0px;\"><h1 class=\"title-heading-center\" style=\"margin:0;\"><p><span style=\"color: #333645;\">QUEM SOMOS<br \/>\n<\/span><\/p><\/h1><\/div><div class=\"fusion-separator\" style=\"align-self: center;margin-left: auto;margin-right: auto;margin-top:16px;margin-bottom:36px;width:100%;max-width:24%;\"><div class=\"fusion-separator-border sep-double\" style=\"border-color:#e2e2e2;border-top-width:2px;border-bottom-width:2px;\"><\/div><\/div><div class=\"fusion-text fusion-text-1\" style=\"text-transform:none;\"><h3 style=\"text-align: center;\"><span class=\"Y2IQFc\" lang=\"pt\">15 ANOS DE EXPERI\u00caNCIA<\/span><\/h3>\n<\/div><div class=\"fusion-text fusion-text-2\" style=\"text-transform:none;\"><p style=\"text-align: center;\">O QUE FAZEMOS \/ ESPECIALIDADES :<\/p>\n<ul>\n<li style=\"text-align: center;\">SISTEMAS SOLARES FOTOVOLTAICOS ( \u201d PAIN\u00c9IS \u201d )<\/li>\n<li style=\"text-align: center;\">SISTEMAS DE ARMAZENAMENTO DE ENERGIA EL\u00c9TRICA (\u201d BATERIAS FOTOVOLTAICAS\u201d )<\/li>\n<\/ul>\n<\/div><div class=\"fusion-text fusion-text-3\" style=\"font-size:20px;text-transform:none;\"><blockquote>\n<p>Realizamos Estudo Pr\u00e9vio \/ Pr\u00e9-An\u00e1lise para preparar a solu\u00e7\u00e3o\/projecto mais adequada e rent\u00e1vel, e fornecemos\/construimos a solu\u00e7\u00e3o completa &#8220;chave-na-m\u00e3o&#8221;<\/p>\n<\/blockquote>\n<blockquote>\n<p>Analisamos periodicamente os equipamentos e tipos de solu\u00e7\u00f5es existentes mundialmente, de forma a selecionar as op\u00e7\u00f5es mais fi\u00e1veis e eficientes. Somos representantes de v\u00e1rias marcas profissionais de componentes especializados.<\/p>\n<\/blockquote>\n<blockquote>\n<p>Al\u00e9m da constru\u00e7\u00e3o propriamente dita do Sistema ( &#8221; instala\u00e7\u00e3o&#8221; ), somos tamb\u00e9m especialista na manuten\u00e7\u00e3o\/repara\u00e7\u00e3o<\/p>\n<\/blockquote>\n<\/div><\/div><style type=\"text\/css\">.fusion-body .fusion-builder-column-0{width:66.666666666667% !important;margin-top : 85px;margin-bottom : 60px;}.fusion-builder-column-0 > .fusion-column-wrapper {padding-top : 0px !important;padding-right : 0px !important;margin-right : 0px;padding-bottom : 0px !important;padding-left : 0px !important;margin-left : 0px;}@media only screen and (max-width:1024px) {.fusion-body .fusion-builder-column-0{width:66.666666666667% !important;}.fusion-builder-column-0 > .fusion-column-wrapper {margin-right : 0px;margin-left : 0px;}}@media only screen and (max-width:640px) {.fusion-body .fusion-builder-column-0{width:100% !important;}.fusion-builder-column-0 > .fusion-column-wrapper {margin-right : 0px;margin-left : 0px;}}<\/style><\/div><\/div><style type=\"text\/css\">.fusion-body .fusion-flex-container.fusion-builder-row-1{ padding-top : 45px;margin-top : 0px;padding-right : 0px;padding-bottom : 0px;margin-bottom : 0px;padding-left : 0px;}<\/style><\/div><div class=\"fusion-fullwidth fullwidth-box fusion-builder-row-2 fusion-flex-container fusion-parallax-none nonhundred-percent-fullwidth non-hundred-percent-height-scrolling\" style=\"background-color: #333645;background-image: url(&quot;https:\/\/dynamic-evolution.pt\/wp-content\/uploads\/2018\/02\/about_dark.jpg&quot;);background-position: center center;background-repeat: no-repeat;border-width: 0px 0px 0px 0px;border-color:#e2e2e2;border-style:solid;-webkit-background-size:cover;-moz-background-size:cover;-o-background-size:cover;background-size:cover;\" ><div class=\"fusion-builder-row fusion-row fusion-flex-align-items-stretch\" style=\"max-width:1248px;margin-left: calc(-4% \/ 2 );margin-right: calc(-4% \/ 2 );\"><div class=\"fusion-layout-column fusion_builder_column fusion-builder-column-1 fusion_builder_column_1_6 1_6 fusion-flex-column fusion-no-small-visibility fusion-animated\" data-animationType=\"zoomIn\" data-animationDuration=\"0.9\" data-animationOffset=\"top-into-view\"><div class=\"fusion-column-wrapper fusion-flex-justify-content-flex-start fusion-content-layout-column\" style=\"background-position:left top;background-blend-mode: overlay;background-repeat:no-repeat;-webkit-background-size:cover;-moz-background-size:cover;-o-background-size:cover;background-size:cover;padding: 0px 0px 0px 0px;\"><\/div><style type=\"text\/css\">.fusion-body .fusion-builder-column-1{width:16.666666666667% !important;margin-top : 0px;margin-bottom : 20px;}.fusion-builder-column-1 > .fusion-column-wrapper {padding-top : 0px !important;padding-right : 0px !important;margin-right : 11.52%;padding-bottom : 0px !important;padding-left : 0px !important;margin-left : 11.52%;}@media only screen and (max-width:1024px) {.fusion-body .fusion-builder-column-1{width:16.666666666667% !important;}.fusion-builder-column-1 > .fusion-column-wrapper {margin-right : 11.52%;margin-left : 11.52%;}}@media only screen and (max-width:640px) {.fusion-body .fusion-builder-column-1{width:100% !important;}.fusion-builder-column-1 > .fusion-column-wrapper {margin-right : 1.92%;margin-left : 1.92%;}}<\/style><\/div><div class=\"fusion-layout-column fusion_builder_column fusion-builder-column-2 fusion_builder_column_2_3 2_3 fusion-flex-column fusion-animated\" data-animationType=\"zoomIn\" data-animationDuration=\"0.9\" data-animationOffset=\"top-into-view\"><div class=\"fusion-column-wrapper fusion-flex-justify-content-flex-start fusion-content-layout-column\" style=\"background-position:left top;background-blend-mode: overlay;background-repeat:no-repeat;-webkit-background-size:cover;-moz-background-size:cover;-o-background-size:cover;background-size:cover;padding: 0px 0px 0px 0px;\"><div class=\"fusion-text fusion-text-4\" style=\"text-transform:none;color:#d6d6d6;\"><p style=\"text-align: left;\">DYNAMIC EVOLUTION , Lda | QUEM SOMOS<\/p>\n<p style=\"text-align: left;\">A \u00a0DYNAMIC EVOLUTION, Lda\u00a0est\u00e1 no mercado das\u00a0Energias Renov\u00e1veis, com o objectivo de colocar \u00e0 disposi\u00e7\u00e3o o nosso know-how e experi\u00eancia no projecto, constru\u00e7\u00e3o e assist\u00eancia t\u00e9cnica de sistemas de: Produ\u00e7\u00e3o de Energia El\u00e9trica atrav\u00e9s de capta\u00e7\u00e3o de\u00a0Energia Fotovoltaica para Autoconsumo \/ Autoprodu\u00e7\u00e3o e tamb\u00e9m para venda no mercado livre, Armazenamento de Energia El\u00e9ctrica.<\/p>\n<p style=\"text-align: left;\">Adicionalmente tamb\u00e9m realizamos (com menos frequ\u00eancia) Sistemas T\u00e9rmicos para A.Q.S. e Aquecimento e Arrefecimento de edif\u00edcios, Purifica\u00e7\u00e3o,\u00a0Renova\u00e7\u00e3o e Ventila\u00e7\u00e3o de Ar.<\/p>\n<p style=\"text-align: left;\">\u00a0Propomos e Executamos medidas de melhoria de\u00a0Efici\u00eancia Energ\u00e9tica.<br \/>\nAl\u00e9m de contratos de fornecimento de sistemas ( fotovoltaico, armazenamento ), fazemos contratos de manuten\u00e7\u00e3o preventiva ( &#8220;manuten\u00e7\u00e3o&#8221; ) e correctiva ( &#8221; repara\u00e7\u00e3o&#8221; ) de diversos sistemas e equipamentos, com ou sem monitoriza\u00e7\u00e3o remota e avisos enviados automaticamente por e-mail, incluindo por smartphone.<br \/>\nSomos reconhecidos pela Fronius como\u00a0&#8220;Fronius Service Partner&#8221;<\/p>\n<p style=\"text-align: left;\">Somos reconhecidos pela REC Group (o maior fabricante Europeu de pain\u00e9is fotovoltaicos, sil\u00edcio fotovoltaico ) como &#8221; REC Professional Installer &#8221;<br \/>\nFornecemos sistemas de medi\u00e7\u00e3o e monitoriza\u00e7\u00e3o de energia el\u00e9ctrica consumida e produzida em edif\u00edcios de todos os tipos de utiliza\u00e7\u00e3o (industrial, comercial, agr\u00edcola, residencial).<br \/>\nNa constru\u00e7\u00e3o e instala\u00e7\u00e3o dos sistemas utilizamos componentes de elevada qualidade\/durabilidade, ap\u00f3s selec\u00e7\u00e3o com base em diversos crit\u00e9rios (produtividade, fiabilidade, efici\u00eancia, resist\u00eancia, garantias e solvabilidade de fabricante, perfei\u00e7\u00e3o\/rigor).<br \/>\nActualizados na vanguarda tecnol\u00f3gica e contribu\u00edmos com v\u00e1rias inova\u00e7\u00f5es nas quais j\u00e1 fomos os pioneiros em Portugal<br \/>\nFornecemos solu\u00e7\u00f5es com a m\u00e1xima rentabilidade para o cliente, com a m\u00e1xima produtividade e durabilidade, adequadas a cada caso<br \/>\nRealizamos estudo pr\u00e9vio e or\u00e7amento para sistemas &#8220;chave-na-m\u00e3o&#8221; (completos) e tamb\u00e9m com Estudos Energ\u00e9ticos e Estudos Econ\u00f3micos, para que o cliente saiba desde o in\u00edcio o que \u00e9 proposto, quanto custa o investimento inicial e a manuten\u00e7\u00e3o, e a previs\u00e3o de quanto aproximadamente poupar\u00e1 e quais as caracter\u00edsticas do que lhe ser\u00e1 fornecido.<\/p>\n<p style=\"text-align: left;\">ENERGIAS RENOV\u00c1VEIS<\/p>\n<p style=\"text-align: left;\">Realizamos o projecto, licenciamento, instala\u00e7\u00e3o\/constru\u00e7\u00e3o (&#8220;chave-na-m\u00e3o&#8221;) e assist\u00eancia t\u00e9cnica\/manuten\u00e7\u00e3o\/repara\u00e7\u00e3o de sistemas de energias renov\u00e1veis para v\u00e1rias aplica\u00e7\u00f5es:<br \/>\nSistemas Fotovoltaicos\/outros para Auto-consumo sem ou com baterias, do tipo UPAC ou UPP<br \/>\nSistemas de Autoconsumo isolados da rede el\u00e9ctrica (Off-Grid)<br \/>\nAquecimento \/Climatiza\u00e7\u00e3o (por radiadores ou piso radiante ou ventiloconvectores) e A.Q.S. com recurso a bomba de calor<br \/>\nSistemas Solares T\u00e9rmicos para A.Q.S. e apoio de aquecimento<br \/>\nMonitoriza\u00e7\u00e3o remota e em tempo real de produ\u00e7\u00e3o e consumos de energia, actua\u00e7\u00e3o autom\u00e1tica, assist\u00eancia remota industrial, melhoria da efici\u00eancia energ\u00e9tica<br \/>\nSolu\u00e7\u00f5es para redu\u00e7\u00e3o de consumos de energia: ilumina\u00e7\u00e3o, automatiza\u00e7\u00e3o de aparelhos consumidores, compensa\u00e7\u00e3o da energia reactiva ( kVar.h )Especialidades:<br \/>\nSistemas Fotovoltaicos para Autoconsumo de Energia com elevada fiabilidade e rentabilidade<br \/>\nSistemas de armazenamento de energia em baterias de elevada durabilidade e garantia, e sua integra\u00e7\u00e3o com sistemas fotovoltaicos existentes e em sistemas fotovoltaicos novos simult\u00e2neos<br \/>\nSistemas fotovoltaicas com pain\u00e9is em estruturas est\u00e1ticas com produ\u00e7\u00e3o anual de energia superior a sistemas fotovoltaicos com pain\u00e9is em estruturas m\u00f3veis do tipo seguidores solares (Suntrackers), de forma a maximizar a rentabilidade e durabilidade do investimento inicial<\/p>\n<\/div><div class=\"fusion-separator\" style=\"align-self: center;margin-left: auto;margin-right: auto;margin-bottom:20px;width:100%;max-width:24%;\"><\/div><div style=\"text-align:center;\"><style>.fusion-body .fusion-button.button-1{border-radius:4px 4px 4px 4px;}<\/style><a class=\"fusion-button button-flat fusion-button-default-size button-default button-1 fusion-button-span-no fusion-button-default-type\" target=\"_self\" href=\"https:\/\/dynamic-evolution.pt\/index.php\/contactar\/\"><span class=\"fusion-button-text\">CONTACTAR<\/span><\/a><\/div><\/div><style type=\"text\/css\">.fusion-body .fusion-builder-column-2{width:66.666666666667% !important;margin-top : 80px;margin-bottom : 60px;}.fusion-builder-column-2 > .fusion-column-wrapper {padding-top : 0px !important;padding-right : 0px !important;margin-right : 2.88%;padding-bottom : 0px !important;padding-left : 0px !important;margin-left : 2.88%;}@media only screen and (max-width:1024px) {.fusion-body .fusion-builder-column-2{width:66.666666666667% !important;}.fusion-builder-column-2 > .fusion-column-wrapper {margin-right : 2.88%;margin-left : 2.88%;}}@media only screen and (max-width:640px) {.fusion-body .fusion-builder-column-2{width:100% !important;}.fusion-builder-column-2 > .fusion-column-wrapper {margin-right : 1.92%;margin-left : 1.92%;}}<\/style><\/div><div class=\"fusion-layout-column fusion_builder_column fusion-builder-column-3 fusion_builder_column_1_6 1_6 fusion-flex-column fusion-no-small-visibility fusion-animated\" data-animationType=\"zoomIn\" data-animationDuration=\"0.9\" data-animationOffset=\"top-into-view\"><div class=\"fusion-column-wrapper fusion-flex-justify-content-flex-start fusion-content-layout-column\" style=\"background-position:left top;background-blend-mode: overlay;background-repeat:no-repeat;-webkit-background-size:cover;-moz-background-size:cover;-o-background-size:cover;background-size:cover;padding: 0px 0px 0px 0px;\"><\/div><style type=\"text\/css\">.fusion-body .fusion-builder-column-3{width:16.666666666667% !important;margin-top : 0px;margin-bottom : 20px;}.fusion-builder-column-3 > .fusion-column-wrapper {padding-top : 0px !important;padding-right : 0px !important;margin-right : 11.52%;padding-bottom : 0px !important;padding-left : 0px !important;margin-left : 11.52%;}@media only screen and (max-width:1024px) {.fusion-body .fusion-builder-column-3{width:16.666666666667% !important;}.fusion-builder-column-3 > .fusion-column-wrapper {margin-right : 11.52%;margin-left : 11.52%;}}@media only screen and (max-width:640px) {.fusion-body .fusion-builder-column-3{width:100% !important;}.fusion-builder-column-3 > .fusion-column-wrapper {margin-right : 1.92%;margin-left : 1.92%;}}<\/style><\/div><\/div><style type=\"text\/css\">.fusion-body .fusion-flex-container.fusion-builder-row-2{ padding-top : 40px;margin-top : 0px;padding-right : 0px;padding-bottom : 70px;margin-bottom : 0px;padding-left : 0px;}<\/style><\/div><\/p>\n","protected":false},"excerpt":{"rendered":"","protected":false},"author":1,"featured_media":0,"parent":0,"menu_order":0,"comment_status":"closed","ping_status":"closed","template":"100-width.php","meta":{"footnotes":""},"class_list":["post-2103","page","type-page","status-publish","hentry"],"_links":{"self":[{"href":"https:\/\/dynamic-evolution.pt\/index.php\/wp-json\/wp\/v2\/pages\/2103","targetHints":{"allow":["GET"]}}],"collection":[{"href":"https:\/\/dynamic-evolution.pt\/index.php\/wp-json\/wp\/v2\/pages"}],"about":[{"href":"https:\/\/dynamic-evolution.pt\/index.php\/wp-json\/wp\/v2\/types\/page"}],"author":[{"embeddable":true,"href":"https:\/\/dynamic-evolution.pt\/index.php\/wp-json\/wp\/v2\/users\/1"}],"replies":[{"embeddable":true,"href":"https:\/\/dynamic-evolution.pt\/index.php\/wp-json\/wp\/v2\/comments?post=2103"}],"version-history":[{"count":22,"href":"https:\/\/dynamic-evolution.pt\/index.php\/wp-json\/wp\/v2\/pages\/2103\/revisions"}],"predecessor-version":[{"id":2316,"href":"https:\/\/dynamic-evolution.pt\/index.php\/wp-json\/wp\/v2\/pages\/2103\/revisions\/2316"}],"wp:attachment":[{"href":"https:\/\/dynamic-evolution.pt\/index.php\/wp-json\/wp\/v2\/media?parent=2103"}],"curies":[{"name":"wp","href":"https:\/\/api.w.org\/{rel}","templated":true}]}}