{"id":2202,"date":"2021-11-09T07:40:48","date_gmt":"2021-11-09T07:40:48","guid":{"rendered":"https:\/\/dynamic-evolution.pt\/index.php\/quem-somos-2\/"},"modified":"2021-11-14T09:36:29","modified_gmt":"2021-11-14T09:36:29","slug":"armazenamento-de-energia","status":"publish","type":"page","link":"https:\/\/dynamic-evolution.pt\/index.php\/armazenamento-de-energia\/","title":{"rendered":"SISTEMAS DE ARMAZENAMENTO DE ENERGIA"},"content":{"rendered":"<div class=\"fusion-fullwidth fullwidth-box fusion-builder-row-1 fusion-flex-container fusion-parallax-none nonhundred-percent-fullwidth non-hundred-percent-height-scrolling\" style=\"background-color: #eeeeee;background-image: url(&quot;https:\/\/dynamic-evolution.pt\/wp-content\/uploads\/2018\/02\/bg2.jpg&quot;);background-position: center center;background-repeat: no-repeat;border-width: 0px 0px 0px 0px;border-color:#e2e2e2;border-style:solid;-webkit-background-size:cover;-moz-background-size:cover;-o-background-size:cover;background-size:cover;\" ><div class=\"fusion-builder-row fusion-row fusion-flex-align-items-flex-start fusion-flex-justify-content-center\" style=\"max-width:calc( 1200px + 0px );margin-left: calc(-0px \/ 2 );margin-right: calc(-0px \/ 2 );\"><div class=\"fusion-layout-column fusion_builder_column fusion-builder-column-0 fusion_builder_column_2_3 2_3 fusion-flex-column fusion-animated\" data-animationType=\"zoomIn\" data-animationDuration=\"0.9\" data-animationOffset=\"top-into-view\"><div class=\"fusion-column-wrapper fusion-flex-justify-content-flex-start fusion-content-layout-column\" style=\"background-position:left top;background-repeat:no-repeat;-webkit-background-size:cover;-moz-background-size:cover;-o-background-size:cover;background-size:cover;padding: 0px 0px 0px 0px;\"><style type=\"text\/css\">@media only screen and (max-width:1024px) {.fusion-title.fusion-title-1{margin-top:10px!important; margin-right:0px!important;margin-bottom:15px!important;margin-left:0px!important;}}@media only screen and (max-width:640px) {.fusion-title.fusion-title-1{margin-top:10px!important; margin-right:0px!important;margin-bottom:10px!important; margin-left:0px!important;}}<\/style><div class=\"fusion-title title fusion-title-1 fusion-sep-none fusion-title-center fusion-title-text fusion-title-size-one\" style=\"margin-top:10px;margin-right:0px;margin-bottom:15px;margin-left:0px;\"><h1 class=\"title-heading-center\" style=\"margin:0;\"><p style=\"text-align: center;\"><span style=\"color: #333645;\">SISTEMAS DE ARMAZENAMENTO DE ENERGIA ( &#8221; BATERIAS&#8221; )<\/span><\/p><\/h1><\/div><div class=\"fusion-separator\" style=\"align-self: center;margin-left: auto;margin-right: auto;margin-top:16px;margin-bottom:36px;width:100%;max-width:24%;\"><div class=\"fusion-separator-border sep-double\" style=\"border-color:#e2e2e2;border-top-width:2px;border-bottom-width:2px;\"><\/div><\/div><div class=\"fusion-text fusion-text-1\" style=\"text-transform:none;\"><p style=\"text-align: left;\">Baterias de c\u00e9lulas de L\u00edtio LFP ou LiFePO4 ( L\u00edtio Ferro Fosfato )<\/p>\n<p style=\"text-align: left;\">Os C\u00e1todos (el\u00e9ctrodos positivos) dessas c\u00e9lulas destas baterias s\u00e3o fabricados com L\u00edtio e Ferro e Fosfato ( F\u00f3sforo e Oxig\u00e9nio), e os seus \u00c2nodos (p\u00f3los negativos) s\u00e3o de Grafite, e devido \u00e0s suas caracter\u00edsticas de boa durabilidade (facilmente ultrapassam os 10 anos, variando consoante as condi\u00e7\u00f5es de utiliza\u00e7\u00e3o) \u00a0e elevada pot\u00eancia m\u00e1xima de carga e descarga por cada kWh ( C Rate) t\u00eam um relativamente baixo custo real de utiliza\u00e7\u00e3o por kWh de bateria ao longo de 10 anos (e tamb\u00e9m num per\u00edodo de 15 anos) , \u00a0t\u00eam um custo inicial de investimento por cada kWh relativamente baixo, s\u00e3o o segundo subtipo de baterias de L\u00edtio mais seguro ( o 1\u00ba : L\u00edtio Titanato ) e t\u00eam uma elevada estabilidade t\u00e9rmica e baixo risco de \u201cThermal Runaway\u201d, \u00a0e por essas raz\u00f5es s\u00e3o nos sistemas est\u00e1ticos um dos tipos de baterias mainstream \/ mais populares .<\/p>\n<p style=\"text-align: left;\">Pela sua eleva durabilidade em rela\u00e7\u00e3o aos outros subtipos de c\u00e9lulas de L\u00edtio (excepto L\u00edtio Titanato), para sistemas est\u00e1ticos s\u00e3o uma das melhores op\u00e7\u00f5es em termos ambientais e de consumo de recursos minerais (tamb\u00e9m n\u00e3o utilizam Cobalto e N\u00edquel e Mangan\u00eas \/ Mangan\u00e9sio ) .<\/p>\n<p style=\"text-align: left;\">S\u00e3o utilizadas principalmente em sistemas est\u00e1ticos, e cada vez mais em ve\u00edculos el\u00e9ctricos, especialmente em motociclos, onde a seguran\u00e7a e estabilidade \u00e9 mais importante (n\u00e3o s\u00e3o o subtipo com a mais taxa de energia \/ peso a qual \u00e9 uma caracter\u00edstica importante num ve\u00edculo devido ao peso relativamente \u00e0 energia el\u00e9ctrica acumulada ).<\/p>\n<p style=\"text-align: left;\">No entanto a sua durabilidade e caracter\u00edsticas variam bastante consoante o fabricante, e o mercado mundial est\u00e1 inundado com baterias espec\u00edficas de baixa qualidade (por Bateria entende-se o conjunto de c\u00e9lulas e estrutura de bateria e B.M.U. ( battery management unit \/ unidade de gest\u00e3o de bateria ) e poss\u00edvel integra\u00e7\u00e3o da bateria com sistema com equipamentos de carga e descarga de energia e de comunica\u00e7\u00e3o\/gest\u00e3o de fluxos de energia ) , inclusiv\u00e9 de alguns fabricantes com boa reputa\u00e7\u00e3o .<\/p>\n<p style=\"text-align: left;\">Baterias de c\u00e9lulas de L\u00edtio LFP ou LiFePO4 melhoradas com Grafeno ( L\u00edtio Ferro Fosfato com Grafeno )<\/p>\n<p style=\"text-align: left;\">Os C\u00e1todos (el\u00e9ctrodos positivos) dessas c\u00e9lulas destas baterias s\u00e3o fabricados com L\u00edtio e Ferro e Fosfato ( F\u00f3sforo e Oxig\u00e9nio), e os seus \u00c2nodos (p\u00f3los negativos) s\u00e3o de Grafite, e al\u00e9m disso t\u00eam adi\u00e7\u00e3o de Grafeno (que \u00e9 Carbono Grafite de nanotecnologia ) , que \u00e9 uma tecnologia inovadora e testada por um fabricante, com v\u00e1rias vantagens em termos de durabilidade e taxa de pot\u00eancia m\u00e1xima de descarga e de carga, e custo quase igual ao subtipo anteriormente referido, e que por isso s\u00e3o na nossa opini\u00e3o uma das melhores escolhas para sistemas est\u00e1ticos.<\/p>\n<p style=\"text-align: left;\">Baterias de c\u00e9lulas de L\u00edtio LTO ( L\u00edtio Titanato ou L\u00edtio \u00d3xido de Tit\u00e2nio )<\/p>\n<p style=\"text-align: left;\">Os C\u00e1todos (el\u00e9ctrodos positivos) dessas c\u00e9lulas destas baterias s\u00e3o fabricados com L\u00edtio e outros elementos ( podem existir v\u00e1rios subtipos dentro deste subtipo ), e os seus \u00c2nodos (p\u00f3los negativos) s\u00e3o de Tit\u00e2nio e Oxig\u00e9nio, e devido \u00e0s suas caracter\u00edsticas de elevada durabilidade (facilmente ultrapassam os 25 anos, variando consoante as condi\u00e7\u00f5es de utiliza\u00e7\u00e3o) \u00a0e elevada pot\u00eancia m\u00e1xima de carga e descarga por cada kWh ( C Rate) s\u00e3o as que representam o menor custo real de utiliza\u00e7\u00e3o por kWh de bateria ao longo de 25 anos (e tamb\u00e9m num per\u00edodo de 15 anos e num per\u00edodo de 10 anos ) , mas devido ao seu maior peso por kWh e por pot\u00eancia em rela\u00e7\u00e3o a outros tipos de L\u00edtio, n\u00e3o t\u00eam sido muito utilizadas em ve\u00edculos el\u00e9ctricos ( com excep\u00e7\u00e3o de alguns ve\u00edculos Japoneses) e por essa raz\u00e3o e por terem um custo m\u00e9dio de kWh cerca de 35% ( x 1,35 ) superior ao custo m\u00e9dio de kWh de outros subtipos como LFP, s\u00e3o menos mainstream \/ menos populares .<\/p>\n<p style=\"text-align: left;\">S\u00e3o o subtipo de baterias de L\u00edtio mais seguras, e est\u00e3o num n\u00edvel diferente de seguran\u00e7a, bastante mais alto que todas as outras.<\/p>\n<p style=\"text-align: left;\">Pela sua elevad\u00edssima durabilidade mesmo em condi\u00e7\u00f5es mais exigentes de elevadas taxas de carga e descarga e temperaturas, para sistemas est\u00e1ticos s\u00e3o a melhor op\u00e7\u00e3o em termos ambientais e de consumo de recursos minerais .<\/p>\n<p style=\"text-align: left;\">Baterias de c\u00e9lulas de L\u00edtio NMC ( L\u00edtio \u00d3xido de N\u00edquel Mangan\u00e9sio Cobalto )<\/p>\n<p style=\"text-align: left;\">S\u00e3o utilizadas principalmente em ve\u00edculos autom\u00f3veis, e em menor escala em sistemas est\u00e1ticos, e a sua durabilidade e caracter\u00edsticas variam bastante consoante o fabricante . O mercado mundial est\u00e1 inundados com baterias espec\u00edficas de baixa qualidade .<\/p>\n<p style=\"text-align: left;\">N\u00e3o s\u00e3o em geral uma boa escolha para Sistemas Est\u00e1ticos, devido \u00e0 sua menor durabilidade. Em casos espec\u00edficos podem ser uma boa escolha para sistemas est\u00e1ticos, tendo sistema de refrigera\u00e7\u00e3o avan\u00e7ado e tendo uma dimens\u00e3o\/capacidade total de kWh de energia elevada de forma a que a pot\u00eancia ( kW ) de descarga e carga por cada kWh seja relativamente baixa.<\/p>\n<p style=\"text-align: left;\">Baterias de c\u00e9lulas de L\u00edtio NCA ( L\u00edtio \u00d3xido de N\u00edquel Cobalto Alum\u00ednio )<\/p>\n<p style=\"text-align: left;\">N\u00e3o s\u00e3o em geral uma boa escolha para Sistemas Est\u00e1ticos, devido \u00e0 sua menor durabilidade. Em casos espec\u00edficos podem ser uma boa escolha para ve\u00edculos el\u00e9ctricos, tendo sistema de refrigera\u00e7\u00e3o avan\u00e7ado e tendo uma dimens\u00e3o\/capacidade total de kWh de energia elevada de forma a que a pot\u00eancia ( kW ) de descarga e carga por cada kWh seja relativamente baixa.<\/p>\n<p style=\"text-align: left;\">Baterias de c\u00e9lulas de L\u00edtio Manganato ou Mangan\u00e9sio Spinel ( L\u00edtio \u00d3xido de Mangan\u00e9sio )<\/p>\n<p style=\"text-align: left;\">N\u00e3o s\u00e3o uma boa escolha para Sistemas Est\u00e1ticos, devido \u00e0 sua menor durabilidade.<\/p>\n<p style=\"text-align: left;\">No entanto este subtipo \u00e9 mais seguro do que a maioria dos subtipos de L\u00edtio e t\u00eam uma elevada estabilidade de temperatura interna, e por isso s\u00e3o usadas por exemplo em dispositivos m\u00e9dicos e outros que requeiram boa seguran\u00e7a e elevada estabilidade de temperatura como por exemplo ferramentas el\u00e9ctricas de pot\u00eancia.<\/p>\n<p style=\"text-align: left;\">Baterias de c\u00e9lulas de I\u00f5es de L\u00edtio ou L\u00edtio Cobaltato ou LCO ( L\u00edtio \u00d3xido de Cobalto )<\/p>\n<p style=\"text-align: left;\">Os C\u00e1todos (el\u00e9ctrodos positivos) dessas c\u00e9lulas destas baterias s\u00e3o fabricados com Carbonato de L\u00edtio e Cobalto, e os seus \u00c2nodos (p\u00f3los negativos) s\u00e3o de Grafite, e devido \u00e0s suas caracter\u00edsticas de elevada taxa de energia\/peso e baixa durabilidade e baixo custo por kWh, s\u00e3o utilizadas em Laptops ( PCs port\u00e1teis ) e Smartphones e outros aparelhos port\u00e1teis Electr\u00f3nicos.<\/p>\n<p style=\"text-align: left;\">S\u00e3o o subtipo de baterias de L\u00edtio menos seguras, e est\u00e3o num n\u00edvel diferente de seguran\u00e7a, bastante mais baixo que todas as outras.<\/p>\n<p style=\"text-align: left;\">N\u00e3o s\u00e3o uma boa escolha para Sistemas Est\u00e1ticos, e s\u00e3o totalmente desaconselhadas devido ao risco elevado de explos\u00e3o e inc\u00eandio ap\u00f3s reac\u00e7\u00e3o em cadeia de autoaquecimento autosustentado ( Thermal Runaway ) .<\/p>\n<\/div><\/div><style type=\"text\/css\">.fusion-body .fusion-builder-column-0{width:66.666666666667% !important;margin-top : 85px;margin-bottom : 60px;}.fusion-builder-column-0 > .fusion-column-wrapper {padding-top : 0px !important;padding-right : 0px !important;margin-right : 0px;padding-bottom : 0px !important;padding-left : 0px !important;margin-left : 0px;}@media only screen and (max-width:1024px) {.fusion-body .fusion-builder-column-0{width:66.666666666667% !important;}.fusion-builder-column-0 > .fusion-column-wrapper {margin-right : 0px;margin-left : 0px;}}@media only screen and (max-width:640px) {.fusion-body .fusion-builder-column-0{width:100% !important;}.fusion-builder-column-0 > .fusion-column-wrapper {margin-right : 0px;margin-left : 0px;}}<\/style><\/div><div class=\"fusion-layout-column fusion_builder_column fusion-builder-column-1 fusion_builder_column_1_1 1_1 fusion-flex-column\"><div class=\"fusion-column-wrapper fusion-flex-justify-content-center fusion-content-layout-column\" style=\"background-position:left top;background-blend-mode: overlay;background-repeat:no-repeat;-webkit-background-size:cover;-moz-background-size:cover;-o-background-size:cover;background-size:cover;padding: 0px 0px 0px 0px;\"><div class=\"fusion-section-separator section-separator big-half-circle fusion-section-separator-1\"><div class=\"fusion-section-separator-svg\" style=\"padding:0;\"><svg class=\"fusion-big-half-circle-candy\" xmlns=\"http:\/\/www.w3.org\/2000\/svg\" version=\"1.1\" width=\"100%\" height=\"100\" viewBox=\"0 0 100 100\" preserveAspectRatio=\"none\" style=\"padding:0;\" fill=\"rgba(51,54,69,1)\"><path d=\"M0 100 C40 0 60 0 100 100 Z\"><\/path><\/svg><\/div><div class=\"fusion-section-separator-spacer\"><div class=\"fusion-section-separator-spacer-height\" style=\"height:99px;\"><\/div><\/div><style type=\"text\/css\">.fusion-section-separator-1 .fusion-section-separator-svg {margin-left:0px;margin-right:0px;}@media only screen and (max-width:1024px) {.fusion-section-separator-1 .fusion-section-separator-svg {margin-left:0px;margin-right:0px;}}@media only screen and (max-width:640px) {.fusion-section-separator-1 .fusion-section-separator-svg {margin-left:0px;margin-right:0px;}}<\/style><\/div><\/div><style type=\"text\/css\">.fusion-body .fusion-builder-column-1{width:100% !important;margin-top : 0px;margin-bottom : 0px;}.fusion-builder-column-1 > .fusion-column-wrapper {padding-top : 0px !important;padding-right : 0px !important;margin-right : 0px;padding-bottom : 0px !important;padding-left : 0px !important;margin-left : 0px;}@media only screen and (max-width:1024px) {.fusion-body .fusion-builder-column-1{width:100% !important;}.fusion-builder-column-1 > .fusion-column-wrapper {margin-right : 0px;margin-left : 0px;}}@media only screen and (max-width:640px) {.fusion-body .fusion-builder-column-1{width:100% !important;}.fusion-builder-column-1 > .fusion-column-wrapper {margin-right : 0px;margin-left : 0px;}}<\/style><\/div><\/div><style type=\"text\/css\">.fusion-body .fusion-flex-container.fusion-builder-row-1{ padding-top : 45px;margin-top : 0px;padding-right : 0px;padding-bottom : 0px;margin-bottom : 0px;padding-left : 0px;}<\/style><\/div>\n","protected":false},"excerpt":{"rendered":"","protected":false},"author":1,"featured_media":0,"parent":0,"menu_order":0,"comment_status":"closed","ping_status":"closed","template":"100-width.php","meta":{"footnotes":""},"class_list":["post-2202","page","type-page","status-publish","hentry"],"_links":{"self":[{"href":"https:\/\/dynamic-evolution.pt\/index.php\/wp-json\/wp\/v2\/pages\/2202","targetHints":{"allow":["GET"]}}],"collection":[{"href":"https:\/\/dynamic-evolution.pt\/index.php\/wp-json\/wp\/v2\/pages"}],"about":[{"href":"https:\/\/dynamic-evolution.pt\/index.php\/wp-json\/wp\/v2\/types\/page"}],"author":[{"embeddable":true,"href":"https:\/\/dynamic-evolution.pt\/index.php\/wp-json\/wp\/v2\/users\/1"}],"replies":[{"embeddable":true,"href":"https:\/\/dynamic-evolution.pt\/index.php\/wp-json\/wp\/v2\/comments?post=2202"}],"version-history":[{"count":6,"href":"https:\/\/dynamic-evolution.pt\/index.php\/wp-json\/wp\/v2\/pages\/2202\/revisions"}],"predecessor-version":[{"id":2304,"href":"https:\/\/dynamic-evolution.pt\/index.php\/wp-json\/wp\/v2\/pages\/2202\/revisions\/2304"}],"wp:attachment":[{"href":"https:\/\/dynamic-evolution.pt\/index.php\/wp-json\/wp\/v2\/media?parent=2202"}],"curies":[{"name":"wp","href":"https:\/\/api.w.org\/{rel}","templated":true}]}}